{"id":182,"date":"2024-10-05T19:06:56","date_gmt":"2024-10-05T17:06:56","guid":{"rendered":"https:\/\/pcoteplice.eu\/c\/?page_id=182"},"modified":"2026-04-29T14:59:51","modified_gmt":"2026-04-29T12:59:51","slug":"kontakty","status":"publish","type":"page","link":"https:\/\/www.pravoslavnacirkev.org\/c\/kontakty\/","title":{"rendered":"Kontakty"},"content":{"rendered":"<h2>M\u00edsto kon\u00e1n\u00ed bohoslu\u017eeb <a id=\"misto-konani\"><\/a><\/h2>\n<p>V\u011b\u0159\u00edc\u00ed se ke svat\u00e9 liturgii sch\u00e1z\u00ed v nov\u00fdch prostor\u00e1ch <strong>kaple sv. Konstantina a Heleny v Teplic\u00edch<\/strong>, vchod z ulice Ji\u0159\u00edho Wolkera viz mapa ozna\u010den\u00fd d\u016fm \u010d.p. 2 :<\/p>\n<p><iframe loading=\"lazy\" style=\"border: none;\" src=\"https:\/\/frame.mapy.cz\/s\/focotahase\" width=\"90%\" height=\"280\" frameborder=\"0\"><span data-mce-type=\"bookmark\" style=\"display: inline-block; width: 0px; overflow: hidden; line-height: 0;\" class=\"mce_SELRES_start\">\ufeff<\/span><span data-mce-type=\"bookmark\" style=\"display: inline-block; width: 0px; overflow: hidden; line-height: 0;\" class=\"mce_SELRES_start\">\ufeff<\/span><\/iframe><\/p>\n<p>&nbsp;<\/p>\n<p>Bohoslu\u017eby se konaj\u00ed <strong>ka\u017edou ned\u011bli a sv\u00e1tky v 9.30 hod.<\/strong><\/p>\n<p><img loading=\"lazy\" decoding=\"async\" class=\"aligncenter wp-image-110 size-medium\" src=\"https:\/\/pcoteplice.eu\/c\/wp-content\/uploads\/2024\/10\/oddlovac-nizky-300x75.png\" alt=\"\" width=\"300\" height=\"75\" srcset=\"https:\/\/www.pravoslavnacirkev.org\/c\/wp-content\/uploads\/2024\/10\/oddlovac-nizky-300x75.png 300w, https:\/\/www.pravoslavnacirkev.org\/c\/wp-content\/uploads\/2024\/10\/oddlovac-nizky.png 512w\" sizes=\"(max-width: 300px) 100vw, 300px\" \/><\/p>\n<h2>Kontakty na n\u00e1s <a id=\"kontakt\"><\/a><\/h2>\n<p><strong><a href=\"https:\/\/pcoteplice.eu\/c\/wp-content\/uploads\/2024\/10\/archimandrite-Eugen.jpg\"><img loading=\"lazy\" decoding=\"async\" class=\"alignright wp-image-112 size-medium\" src=\"https:\/\/pcoteplice.eu\/c\/wp-content\/uploads\/2024\/10\/archimandrite-Eugen-224x300.jpg\" alt=\"\" width=\"224\" height=\"300\" \/><\/a>Kontaktn\u00ed adresa:<\/strong><br \/>\nDuchovn\u00ed mise UPC KP<br \/>\nZelen\u00e1 2853, 415 01 Teplice<\/p>\n<p><strong>I\u010cO:<\/strong> 05726131<\/p>\n<p><strong>Telefon:<\/strong><br \/>\n+420 721 474 616<\/p>\n<p><strong>E-mail:<\/strong><br \/>\nduchovni@pravoslavnacirkev.org<\/p>\n<p><strong>ID:<\/strong> fjq726r<\/p>\n<p><strong>Duchovn\u00ed p\u0159edstavitel:<\/strong><br \/>\nbiskup + EUGEN<br \/>\n<em>(PhDr. ThDr. Mgr. Eugen Sigismund von Freimann-Geyersburg, PhD, MA, LL.M, Dr.h.c.)<\/em><\/p>\n<p>&nbsp;<\/p>\n<p><img loading=\"lazy\" decoding=\"async\" class=\"aligncenter wp-image-110 size-medium\" src=\"https:\/\/pcoteplice.eu\/c\/wp-content\/uploads\/2024\/10\/oddlovac-nizky-300x75.png\" alt=\"\" width=\"300\" height=\"75\" srcset=\"https:\/\/www.pravoslavnacirkev.org\/c\/wp-content\/uploads\/2024\/10\/oddlovac-nizky-300x75.png 300w, https:\/\/www.pravoslavnacirkev.org\/c\/wp-content\/uploads\/2024\/10\/oddlovac-nizky.png 512w\" sizes=\"(max-width: 300px) 100vw, 300px\" \/><\/p>\n<h2>Odkazy <a id=\"odkazy\"><\/a><\/h2>\n<p><a href=\"https:\/\/www.cerkva.info\/\" target=\"_blank\" rel=\"noopener\">Ukrajinsk\u00e1 pravoslavn\u00e1 c\u00edrkev Kyjevsk\u00fd patriarch\u00e1t<\/a><\/p>\n<p><a href=\"https:\/\/sangiulio.org\/\">Autonomn\u00ed pravoslavn\u00e1 c\u00edrkev Z\u00e1padn\u00ed Evropy a Kanady<\/a><br \/>\n<a href=\"https:\/\/sangiulio.org\/\">Ukrajinsk\u00e9 pravoslavn\u00e9 c\u00edrkve Kyjevsk\u00e9ho patriarch\u00e1tu<\/a><\/p>\n<p><a href=\"https:\/\/patriarchateofconstantinople.com\/index.html\" target=\"_blank\" rel=\"noopener\">Konstantinopolsk\u00fd patriarch\u00e1t<\/a><\/p>\n<p><a href=\"https:\/\/www.pomisna.info\/uk\/\" target=\"_blank\" rel=\"noopener\">Pravoslavn\u00e1 c\u00edrkev Ukrajiny<\/a><\/p>\n<p><a href=\"https:\/\/www.ordosancticonstantini.website\/\" target=\"_blank\" rel=\"noopener\">Pravoslavn\u00fd Ryt\u00ed\u0159sk\u00fd \u0159\u00e1d sv. Konstantina Velik\u00e9ho<\/a><\/p>\n<p><a href=\"https:\/\/archons.org\/\" target=\"_blank\" rel=\"noopener\">Pravoslavn\u00fd Ryt\u00ed\u0159sk\u00fd \u0159\u00e1d sv. Andreje<\/a><\/p>\n<p>&nbsp;<\/p>\n<p>Zpravodajstv\u00ed \u2013 Press:<\/p>\n<p><a href=\"https:\/\/www.infokuryr.cz\/n\/\" target=\"_blank\" rel=\"noopener\">INFOKUR\u00ddR<\/a><\/p>\n<p><a href=\"https:\/\/sul-zeme.cz\/\" target=\"_blank\" rel=\"noopener\">S\u016eL ZEM\u011a<\/a><\/p>\n<p><img loading=\"lazy\" decoding=\"async\" class=\"aligncenter wp-image-110 size-medium\" src=\"https:\/\/pcoteplice.eu\/c\/wp-content\/uploads\/2024\/10\/oddlovac-nizky-300x75.png\" alt=\"\" width=\"300\" height=\"75\" srcset=\"https:\/\/www.pravoslavnacirkev.org\/c\/wp-content\/uploads\/2024\/10\/oddlovac-nizky-300x75.png 300w, https:\/\/www.pravoslavnacirkev.org\/c\/wp-content\/uploads\/2024\/10\/oddlovac-nizky.png 512w\" sizes=\"(max-width: 300px) 100vw, 300px\" \/><\/p>\n","protected":false},"excerpt":{"rendered":"<p>M\u00edsto kon\u00e1n\u00ed bohoslu\u017eeb V\u011b\u0159\u00edc\u00ed se ke svat\u00e9 liturgii sch\u00e1z\u00ed v nov\u00fdch prostor\u00e1ch kaple sv. Konstantina a Heleny v Teplic\u00edch, vchod z ulice Ji\u0159\u00edho Wolkera viz mapa ozna\u010den\u00fd d\u016fm \u010d.p. 2 [&hellip;]<\/p>\n","protected":false},"author":1,"featured_media":221,"parent":0,"menu_order":0,"comment_status":"closed","ping_status":"closed","template":"","meta":{"footnotes":""},"class_list":["post-182","page","type-page","status-publish","has-post-thumbnail","hentry"],"_links":{"self":[{"href":"https:\/\/www.pravoslavnacirkev.org\/c\/wp-json\/wp\/v2\/pages\/182"}],"collection":[{"href":"https:\/\/www.pravoslavnacirkev.org\/c\/wp-json\/wp\/v2\/pages"}],"about":[{"href":"https:\/\/www.pravoslavnacirkev.org\/c\/wp-json\/wp\/v2\/types\/page"}],"author":[{"embeddable":true,"href":"https:\/\/www.pravoslavnacirkev.org\/c\/wp-json\/wp\/v2\/users\/1"}],"replies":[{"embeddable":true,"href":"https:\/\/www.pravoslavnacirkev.org\/c\/wp-json\/wp\/v2\/comments?post=182"}],"version-history":[{"count":13,"href":"https:\/\/www.pravoslavnacirkev.org\/c\/wp-json\/wp\/v2\/pages\/182\/revisions"}],"predecessor-version":[{"id":1567,"href":"https:\/\/www.pravoslavnacirkev.org\/c\/wp-json\/wp\/v2\/pages\/182\/revisions\/1567"}],"wp:featuredmedia":[{"embeddable":true,"href":"https:\/\/www.pravoslavnacirkev.org\/c\/wp-json\/wp\/v2\/media\/221"}],"wp:attachment":[{"href":"https:\/\/www.pravoslavnacirkev.org\/c\/wp-json\/wp\/v2\/media?parent=182"}],"curies":[{"name":"wp","href":"https:\/\/api.w.org\/{rel}","templated":true}]}}