{"id":147,"date":"2024-10-05T18:00:39","date_gmt":"2024-10-05T16:00:39","guid":{"rendered":"https:\/\/pcoteplice.eu\/c\/?page_id=147"},"modified":"2025-03-20T08:53:23","modified_gmt":"2025-03-20T07:53:23","slug":"sluzby","status":"publish","type":"page","link":"https:\/\/www.pravoslavnacirkev.org\/c\/sluzby\/","title":{"rendered":"Slu\u017eby"},"content":{"rendered":"<h1>P\u0159ehled bohoslu\u017eeb<\/h1>\n<h2><strong>Bohoslu\u017eby se konaj\u00ed ka\u017edou ned\u011bli a sv\u00e1tky<br \/>\nv 9:30 hod.<\/strong><\/h2>\n<p>K\u0159tiny, svatby a poh\u0159by po domluv\u011b s duchovn\u00edm.<\/p>\n<p>&nbsp;<\/p>\n<p><img loading=\"lazy\" decoding=\"async\" class=\"aligncenter wp-image-110 size-medium\" src=\"https:\/\/pcoteplice.eu\/c\/wp-content\/uploads\/2024\/10\/oddlovac-nizky-300x75.png\" alt=\"\" width=\"300\" height=\"75\" srcset=\"https:\/\/www.pravoslavnacirkev.org\/c\/wp-content\/uploads\/2024\/10\/oddlovac-nizky-300x75.png 300w, https:\/\/www.pravoslavnacirkev.org\/c\/wp-content\/uploads\/2024\/10\/oddlovac-nizky.png 512w\" sizes=\"(max-width: 300px) 100vw, 300px\" \/><\/p>\n<h3 style=\"text-align: center;\"><a href=\"https:\/\/www.pravoslavnacirkev.org\/c\/udalosti\/mesic\/\">Kalend\u00e1\u0159 ud\u00e1lost\u00ed najdete zde &gt;&gt;<\/a><\/h3>\n<p><img loading=\"lazy\" decoding=\"async\" class=\"aligncenter wp-image-110 size-medium\" src=\"https:\/\/pcoteplice.eu\/c\/wp-content\/uploads\/2024\/10\/oddlovac-nizky-300x75.png\" alt=\"\" width=\"300\" height=\"75\" srcset=\"https:\/\/www.pravoslavnacirkev.org\/c\/wp-content\/uploads\/2024\/10\/oddlovac-nizky-300x75.png 300w, https:\/\/www.pravoslavnacirkev.org\/c\/wp-content\/uploads\/2024\/10\/oddlovac-nizky.png 512w\" sizes=\"(max-width: 300px) 100vw, 300px\" \/><\/p>\n<h2>Ozn\u00e1men\u00ed<\/h2>\n<p><strong>Svat\u00e1 zpov\u011b\u010f se kolektivn\u011b kon\u00e1 v\u017edy prvn\u00ed ned\u011bli v m\u011bs\u00edci. Individu\u00e1ln\u00ed zpov\u011b\u010f je mo\u017eno vykonat v\u017edy 30 minut p\u0159ed za\u010d\u00e1tkem svat\u00e9 liturgie.<\/strong><\/p>\n<p>&nbsp;<\/p>\n<p><img loading=\"lazy\" decoding=\"async\" class=\"aligncenter wp-image-110 size-medium\" src=\"https:\/\/pcoteplice.eu\/c\/wp-content\/uploads\/2024\/10\/oddlovac-nizky-300x75.png\" alt=\"\" width=\"300\" height=\"75\" srcset=\"https:\/\/www.pravoslavnacirkev.org\/c\/wp-content\/uploads\/2024\/10\/oddlovac-nizky-300x75.png 300w, https:\/\/www.pravoslavnacirkev.org\/c\/wp-content\/uploads\/2024\/10\/oddlovac-nizky.png 512w\" sizes=\"(max-width: 300px) 100vw, 300px\" \/><\/p>\n","protected":false},"excerpt":{"rendered":"<p>P\u0159ehled bohoslu\u017eeb Bohoslu\u017eby se konaj\u00ed ka\u017edou ned\u011bli a sv\u00e1tky v 9:30 hod. K\u0159tiny, svatby a poh\u0159by po domluv\u011b s duchovn\u00edm. &nbsp; Kalend\u00e1\u0159 ud\u00e1lost\u00ed najdete zde &gt;&gt; Ozn\u00e1men\u00ed Svat\u00e1 zpov\u011b\u010f se [&hellip;]<\/p>\n","protected":false},"author":1,"featured_media":0,"parent":0,"menu_order":0,"comment_status":"closed","ping_status":"closed","template":"","meta":{"footnotes":""},"class_list":["post-147","page","type-page","status-publish","hentry"],"_links":{"self":[{"href":"https:\/\/www.pravoslavnacirkev.org\/c\/wp-json\/wp\/v2\/pages\/147"}],"collection":[{"href":"https:\/\/www.pravoslavnacirkev.org\/c\/wp-json\/wp\/v2\/pages"}],"about":[{"href":"https:\/\/www.pravoslavnacirkev.org\/c\/wp-json\/wp\/v2\/types\/page"}],"author":[{"embeddable":true,"href":"https:\/\/www.pravoslavnacirkev.org\/c\/wp-json\/wp\/v2\/users\/1"}],"replies":[{"embeddable":true,"href":"https:\/\/www.pravoslavnacirkev.org\/c\/wp-json\/wp\/v2\/comments?post=147"}],"version-history":[{"count":23,"href":"https:\/\/www.pravoslavnacirkev.org\/c\/wp-json\/wp\/v2\/pages\/147\/revisions"}],"predecessor-version":[{"id":1136,"href":"https:\/\/www.pravoslavnacirkev.org\/c\/wp-json\/wp\/v2\/pages\/147\/revisions\/1136"}],"wp:attachment":[{"href":"https:\/\/www.pravoslavnacirkev.org\/c\/wp-json\/wp\/v2\/media?parent=147"}],"curies":[{"name":"wp","href":"https:\/\/api.w.org\/{rel}","templated":true}]}}